{"id":1209,"date":"2019-09-06T13:16:30","date_gmt":"2019-09-06T13:16:30","guid":{"rendered":"https:\/\/aperitif.qodeinteractive.com\/?page_id=1209"},"modified":"2024-11-21T19:14:05","modified_gmt":"2024-11-21T19:14:05","slug":"contact-us","status":"publish","type":"page","link":"https:\/\/kurubis.com\/en\/contact-us\/","title":{"rendered":"CONTACT US"},"content":{"rendered":"<section class=\"wpb-content-wrapper\"><div class=\"qodef-content-grid\"><div class=\"vc_row wpb_row vc_row-fluid vc_custom_1727380955990 vc_column-gap-30\"><div class=\"wpb_column vc_column_container vc_col-sm-12 vc_col-lg-6\"><div class=\"vc_column-inner vc_custom_1570451948659\"><div class=\"wpb_wrapper\"><div class=\"vc_empty_space\"   style=\"height: 22px\"><span class=\"vc_empty_space_inner\"><\/span><\/div><div class=\"vc_empty_space\"   style=\"height: 22px\"><span class=\"vc_empty_space_inner\"><\/span><\/div><div class=\"vc_empty_space\"   style=\"height: 22px\"><span class=\"vc_empty_space_inner\"><\/span><\/div><div class=\"qodef-shortcode qodef-m  qodef-section-title qodef-alignment--left\">\r\n\t\t<h5 class=\"qodef-m-title\" style=\"color: #2b2824\">\r\n\t\tAddress\t\t<\/h5>\r\n\t\t<\/div><div class=\"vc_empty_space\"   style=\"height: 22px\"><span class=\"vc_empty_space_inner\"><\/span><\/div><div class=\"qodef-shortcode qodef-m  qodef-icon-with-text qodef-layout--before-content qodef--icon-pack\">\r\n\t<div class=\"qodef-m-icon-wrapper\">\r\n\t\t<span class=\"qodef-shortcode qodef-m  qodef-icon-holder qodef-size--default qodef-layout--normal\"  style=\"color: #c8693a\">\r\t\t\t<a itemprop=\"url\" href=\"https:\/\/www.google.tn\/maps\/place\/Kurubis\/@36.5752403,10.7794435,14z\/data=!4m6!3m5!1s0x1302bb1997624899:0x2f05522d67ef8b40!8m2!3d36.5752403!4d10.8124025!16s%2Fg%2F11h7g2xwks?hl=fr&#038;entry=ttu\" target=\"_blank\">\r        <span class=\"qodef-icon-linea-icons icon-basic-geolocalize-05 qodef-icon qodef-e\" style=\"font-size:21px\" ><\/span>            <\/a>\r\t<\/span>\t<\/div>\r\n\t<div class=\"qodef-m-content\">\r\n\t\t\t\t\t\t\t<a itemprop=\"url\" href=\"https:\/\/www.google.tn\/maps\/place\/Kurubis\/@36.5752403,10.7794435,14z\/data=!4m6!3m5!1s0x1302bb1997624899:0x2f05522d67ef8b40!8m2!3d36.5752403!4d10.8124025!16s%2Fg%2F11h7g2xwks?hl=fr&#038;entry=ttu\" target=\"_blank\">\r\n\t\t<p class=\"qodef-m-text\" style=\"margin-top: -2px;color: #817c7b\">14 AV . De La R\u00e9volution De La Dignit\u00e9 8070 KORBA<\/p>\r\n\t\t\t<\/a>\r\n\t\t<\/div>\r\n<\/div><div class=\"vc_empty_space\"   style=\"height: 22px\"><span class=\"vc_empty_space_inner\"><\/span><\/div><div class=\"qodef-shortcode qodef-m  qodef-icon-with-text qodef-layout--before-content qodef--icon-pack\">\r\n\t<div class=\"qodef-m-icon-wrapper\">\r\n\t\t<span class=\"qodef-shortcode qodef-m  qodef-icon-holder qodef-size--default qodef-layout--normal\"  style=\"color: #c8693a\">\r\t\t\t<a itemprop=\"url\" href=\"mailto:contact@kurubis.com\" target=\"_blank\">\r        <span class=\"qodef-icon-linea-icons icon-basic-mail qodef-icon qodef-e\" style=\"font-size:21px\" ><\/span>            <\/a>\r\t<\/span>\t<\/div>\r\n\t<div class=\"qodef-m-content\">\r\n\t\t\t\t\t\t\t<a itemprop=\"url\" href=\"mailto:contact@kurubis.com\" target=\"_blank\">\r\n\t\t<p class=\"qodef-m-text\" style=\"margin-top: -2px;color: #817c7b\">contact@kurubis.com<\/p>\r\n\t\t\t<\/a>\r\n\t\t<\/div>\r\n<\/div><div class=\"vc_empty_space\"   style=\"height: 22px\"><span class=\"vc_empty_space_inner\"><\/span><\/div><div class=\"qodef-shortcode qodef-m  qodef-icon-with-text qodef-layout--before-content qodef--icon-pack\">\r\n\t<div class=\"qodef-m-icon-wrapper\">\r\n\t\t<span class=\"qodef-shortcode qodef-m  qodef-icon-holder qodef-size--default qodef-layout--normal\"  style=\"color: #c8693a\">\r\t\t\t<a itemprop=\"url\" href=\"tel:0021625447855\" target=\"_blank\">\r        <span class=\"qodef-icon-linea-icons icon-basic-smartphone qodef-icon qodef-e\" style=\"font-size:21px\" ><\/span>            <\/a>\r\t<\/span>\t<\/div>\r\n\t<div class=\"qodef-m-content\">\r\n\t\t\t\t\t\t\t<a itemprop=\"url\" href=\"tel:0021625447855\" target=\"_blank\">\r\n\t\t<p class=\"qodef-m-text\" style=\"margin-top: -2px;color: #817c7b\">0021625447855<\/p>\r\n\t\t\t<\/a>\r\n\t\t<\/div>\r\n<\/div><div class=\"vc_empty_space\"   style=\"height: 22px\"><span class=\"vc_empty_space_inner\"><\/span><\/div><div class=\"qodef-shortcode qodef-m  qodef-icon-with-text qodef-layout--before-content qodef--icon-pack\">\r\n\t<div class=\"qodef-m-icon-wrapper\">\r\n\t\t<span class=\"qodef-shortcode qodef-m  qodef-icon-holder qodef-size--default qodef-layout--normal\"  style=\"color: #c8693a\">\r\t\t\t<a itemprop=\"url\" href=\"tel:0021672384670\" target=\"_blank\">\r        <span class=\"qodef-icon-linea-icons icon-basic-smartphone qodef-icon qodef-e\" style=\"font-size:21px\" ><\/span>            <\/a>\r\t<\/span>\t<\/div>\r\n\t<div class=\"qodef-m-content\">\r\n\t\t\t\t\t\t\t<a itemprop=\"url\" href=\"tel:0021672384670\" target=\"_blank\">\r\n\t\t<p class=\"qodef-m-text\" style=\"margin-top: -2px;color: #817c7b\">0021672384670<\/p>\r\n\t\t\t<\/a>\r\n\t\t<\/div>\r\n<\/div><div class=\"vc_empty_space\"   style=\"height: 22px\"><span class=\"vc_empty_space_inner\"><\/span><\/div><\/div><\/div><\/div><div class=\"wpb_column vc_column_container vc_col-sm-12 vc_col-lg-6\"><div class=\"vc_column-inner vc_custom_1570451985904\"><div class=\"wpb_wrapper\">\r\n\t<div class=\"wpb_raw_code wpb_content_element wpb_raw_html\" >\r\n\t\t<div class=\"wpb_wrapper\">\r\n\t\t\t<iframe src=\"https:\/\/www.google.com\/maps\/embed?pb=!1m14!1m8!1m3!1d25632.988434852374!2d10.7794435!3d36.5752403!3m2!1i1024!2i768!4f13.1!3m3!1m2!1s0x1302bb1997624899%3A0x2f05522d67ef8b40!2sKurubis!5e0!3m2!1sfr!2stn!4v1721674603582!5m2!1sfr!2stn\" width=\"600\" height=\"450\" style=\"border:0;\" allowfullscreen=\"\" loading=\"lazy\" referrerpolicy=\"no-referrer-when-downgrade\"><\/iframe>\r\n\t\t<\/div>\r\n\t<\/div>\r\n<\/div><\/div><\/div><\/div><\/div><div class=\"vc_row wpb_row vc_row-fluid vc_custom_1724963820362 vc_row-has-fill\"><div class=\"wpb_column vc_column_container vc_col-sm-3\"><div class=\"vc_column-inner\"><div class=\"wpb_wrapper\"><\/div><\/div><\/div><div class=\"wpb_column vc_column_container vc_col-sm-6\"><div class=\"vc_column-inner\"><div class=\"wpb_wrapper\"><div class=\"qodef-shortcode qodef-m  qodef-section-title qodef-alignment--center\">\r\n\t\t<h3 class=\"qodef-m-title\" >\r\n\t\tCONTACT US\t\t<\/h3>\r\n\t\t<p class=\"qodef-m-subtitle\" >For any inquiries, tastings, or visit requests, please fill out the form below.<\/p>\r\n\t<\/div><div class=\"vc_empty_space\"   style=\"height: 15px\"><span class=\"vc_empty_space_inner\"><\/span><\/div>\n<div class=\"wpcf7 no-js\" id=\"wpcf7-f1238-o1\" lang=\"en-US\" dir=\"ltr\" data-wpcf7-id=\"1238\">\n<div class=\"screen-reader-response\"><p role=\"status\" aria-live=\"polite\" aria-atomic=\"true\"><\/p> <ul><\/ul><\/div>\n<form action=\"\/en\/wp-json\/wp\/v2\/pages\/1209#wpcf7-f1238-o1\" method=\"post\" class=\"wpcf7-form init demo\" aria-label=\"Contact form\" novalidate=\"novalidate\" data-status=\"init\" data-trp-original-action=\"\/en\/wp-json\/wp\/v2\/pages\/1209#wpcf7-f1238-o1\">\n<div style=\"display: none;\">\n<input type=\"hidden\" name=\"_wpcf7\" value=\"1238\" \/>\n<input type=\"hidden\" name=\"_wpcf7_version\" value=\"6.0\" \/>\n<input type=\"hidden\" name=\"_wpcf7_locale\" value=\"en_US\" \/>\n<input type=\"hidden\" name=\"_wpcf7_unit_tag\" value=\"wpcf7-f1238-o1\" \/>\n<input type=\"hidden\" name=\"_wpcf7_container_post\" value=\"0\" \/>\n<input type=\"hidden\" name=\"_wpcf7_posted_data_hash\" value=\"\" \/>\n<\/div>\n<div><span class=\"wpcf7-form-control-wrap\" data-name=\"your-name\"><input size=\"40\" maxlength=\"400\" class=\"wpcf7-form-control wpcf7-text\" aria-invalid=\"false\" placeholder=\"Your first and last name *\" value=\"\" type=\"text\" name=\"your-name\" \/><\/span><\/div>\n<div><span class=\"wpcf7-form-control-wrap\" data-name=\"your-email\"><input size=\"40\" maxlength=\"400\" class=\"wpcf7-form-control wpcf7-text\" aria-invalid=\"false\" placeholder=\"Email\" value=\"\" type=\"text\" name=\"your-email\" \/><\/span><\/div>\n<div><span class=\"wpcf7-form-control-wrap\" data-name=\"your-message\"><textarea cols=\"40\" rows=\"4\" maxlength=\"2000\" class=\"wpcf7-form-control wpcf7-textarea\" aria-invalid=\"false\" placeholder=\"Message *\" name=\"your-message\"><\/textarea><\/span><\/div>\n<div><button class=\"wpcf7-form-control wpcf7-submit qodef-button qodef-size--normal qodef-type--filled qodef-m\" type=\"submit\"><span class=\"qodef-m-text\">Send<\/span><\/button><\/div><div class=\"wpcf7-response-output\" aria-hidden=\"true\"><\/div>\n<input type=\"hidden\" name=\"trp-form-language\" value=\"en\"\/><\/form>\n<\/div>\n<div class=\"vc_empty_space\"   style=\"height: 32px\"><span class=\"vc_empty_space_inner\"><\/span><\/div><\/div><\/div><\/div><div class=\"wpb_column vc_column_container vc_col-sm-3\"><div class=\"vc_column-inner\"><div class=\"wpb_wrapper\"><\/div><\/div><\/div><\/div>\n<\/section>","protected":false},"excerpt":{"rendered":"Adresse 14 AV . De La R\u00e9volution De La Dignit\u00e9 8070 KORBA contact@kurubis.com 0021625447855 0021672384670 CONTACTEZ-NOUS Pour toute demande de renseignements, de d\u00e9gustation ou de visite, nous vous prions de [...]","protected":false},"author":1,"featured_media":0,"parent":0,"menu_order":0,"comment_status":"closed","ping_status":"closed","template":"page-full-width.php","meta":{"footnotes":""},"class_list":["post-1209","page","type-page","status-publish","hentry"],"_links":{"self":[{"href":"https:\/\/kurubis.com\/en\/wp-json\/wp\/v2\/pages\/1209","targetHints":{"allow":["GET"]}}],"collection":[{"href":"https:\/\/kurubis.com\/en\/wp-json\/wp\/v2\/pages"}],"about":[{"href":"https:\/\/kurubis.com\/en\/wp-json\/wp\/v2\/types\/page"}],"author":[{"embeddable":true,"href":"https:\/\/kurubis.com\/en\/wp-json\/wp\/v2\/users\/1"}],"replies":[{"embeddable":true,"href":"https:\/\/kurubis.com\/en\/wp-json\/wp\/v2\/comments?post=1209"}],"version-history":[{"count":7,"href":"https:\/\/kurubis.com\/en\/wp-json\/wp\/v2\/pages\/1209\/revisions"}],"predecessor-version":[{"id":6012,"href":"https:\/\/kurubis.com\/en\/wp-json\/wp\/v2\/pages\/1209\/revisions\/6012"}],"wp:attachment":[{"href":"https:\/\/kurubis.com\/en\/wp-json\/wp\/v2\/media?parent=1209"}],"curies":[{"name":"wp","href":"https:\/\/api.w.org\/{rel}","templated":true}]}}