{"id":5464,"date":"2024-07-25T16:27:49","date_gmt":"2024-07-25T16:27:49","guid":{"rendered":"https:\/\/kurubis.com\/?page_id=5464"},"modified":"2025-08-13T11:07:33","modified_gmt":"2025-08-13T11:07:33","slug":"le-savoir-faire","status":"publish","type":"page","link":"https:\/\/kurubis.com\/en\/le-savoir-faire\/","title":{"rendered":"Expertise &amp; Craftsmanship"},"content":{"rendered":"<section class=\"wpb-content-wrapper\"><div class=\"qodef-content-grid\"><div class=\"vc_row wpb_row vc_row-fluid vc_custom_1727985862239\"><div class=\"wpb_column vc_column_container vc_col-sm-12\"><div class=\"vc_column-inner\"><div class=\"wpb_wrapper\"><div class=\"qodef-shortcode qodef-m  qodef-section-title qodef-alignment--center\">\r\n\t\t<h2 class=\"qodef-m-title\" >\r\n\t\tWinemaking &amp; Aging\t\t<\/h2>\r\n\t\t<p class=\"qodef-m-subtitle\" >Respect and Expression of the Terroir<\/p>\r\n\t<\/div><div class=\"vc_row wpb_row vc_inner vc_row-fluid\"><div class=\"wpb_column vc_column_container vc_col-sm-6\"><div class=\"vc_column-inner\"><div class=\"wpb_wrapper\">\r\n\t<div class=\"wpb_text_column wpb_content_element\" >\r\n\t\t<div class=\"wpb_wrapper\">\r\n\t\t\t<p style=\"text-align: justify; color: #000;\">The quality of the wine largely depends on the quality of the grape. In collaboration with our winemaker partners, Kurubis ensures the perfect ripeness of its harvest. The harvest usually takes place in August. It is done in crates.\u00a0<span lang=\"fr-TN\">to ensure\u00a0<\/span><span lang=\"FR\">to<\/span><span lang=\"fr-TN\">ensure the integrity of the grapes upon arrival at the winery and thus limit the extraction of plant material into the must. The bunches that<\/span><span lang=\"FR\">arrive\u00a0<\/span><span lang=\"fr-TN\">intact bunches go through a\u00a0<\/span><span lang=\"FR\">tri syst\u00e9matique, puis\u00a0<\/span><span lang=\"fr-TN\">l\u2019\u00e9grapp<\/span><span lang=\"FR\">age<\/span><span lang=\"fr-TN\">\u00a0o\u00f9 la rafle est\u00a0<\/span><span lang=\"FR\">retir<\/span><span lang=\"fr-TN\">\u00e9<\/span><span lang=\"FR\">e<\/span><span lang=\"fr-TN\">After a light crushing, the grapes are immediately cooled and inerted to prevent...\u00a0<\/span><span lang=\"FR\">the<\/span><span lang=\"fr-TN\">oxidation processes that would lead to an irreversible loss of aromas and structure.\u00a0<\/span><span lang=\"FR\">The\u00a0<\/span>The must, a mixture of juice, skins, and seeds, intended for red winemaking, goes directly into temperature-controlled stainless steel or oval fermentation tanks. The must intended for white or ros\u00e9 winemaking passes through our pneumatic presses, where it macerates at low temperature, then is carefully drained initially, and pressed at low pressure to extract all its expression.<\/p>\n\r\n\t\t<\/div>\r\n\t<\/div>\r\n<\/div><\/div><\/div><div class=\"wpb_column vc_column_container vc_col-sm-6\"><div class=\"vc_column-inner\"><div class=\"wpb_wrapper\">\r\n\t<div class=\"wpb_text_column wpb_content_element\" >\r\n\t\t<div class=\"wpb_wrapper\">\r\n\t\t\t<p style=\"text-align: justify; color: #000;\">The juice obtained is then transferred to the fermentation tanks. After a long alcoholic fermentation at a controlled temperature to express its full aromatic potential and finesse, the resulting wine is racked. Whether red, white, or ros\u00e9, Kurubis takes particular care in separating the press wines from the free-run wines, as they have different profiles. The wine then undergoes aging in stainless steel tanks on fine lees or in oak barrels, with regular b\u00e2tonnage. During this period, the wine develops, magnifies, stabilizes, and refines. Red wines are aged longer to soften their tannins. Finally, the blends are made.<br \/>\nThis operation is very important because it is at this moment that the characteristics of the vintage and the grape varieties come together for the creation of our various cuv\u00e9es.<br \/>\nThe final step is bottling.<\/p>\n\r\n\t\t<\/div>\r\n\t<\/div>\r\n<\/div><\/div><\/div><\/div><div class=\"vc_row wpb_row vc_inner vc_row-fluid vc_custom_1721921334324\"><div class=\"wpb_column vc_column_container vc_col-sm-12\"><div class=\"vc_column-inner\"><div class=\"wpb_wrapper\"><\/div><\/div><\/div><\/div><div class=\"vc_row wpb_row vc_inner vc_row-fluid\"><div class=\"wpb_column vc_column_container vc_col-sm-2\"><div class=\"vc_column-inner\"><div class=\"wpb_wrapper\"><\/div><\/div><\/div><div class=\"wpb_column vc_column_container vc_col-sm-8\"><div class=\"vc_column-inner\"><div class=\"wpb_wrapper\"><div class=\"qodef-shortcode qodef-m  qodef-section-title qodef-alignment--center\">\r\n\t\t\t<p class=\"qodef-m-subtitle\" >\"Always in search of precision and quality, our winemaking aims to become parcel-specific. The expression of our terroir, combined with the experience of our vineyard, is our constant goal. This is how our 'Wine Shot' cuv\u00e9es were born!\"\nWords of Didier Cornillon, Oenologist and founder of Kurubis.<\/p>\r\n\t<\/div><\/div><\/div><\/div><div class=\"wpb_column vc_column_container vc_col-sm-2\"><div class=\"vc_column-inner\"><div class=\"wpb_wrapper\"><\/div><\/div><\/div><\/div><div class=\"vc_row wpb_row vc_inner vc_row-fluid vc_custom_1721921334324\"><div class=\"wpb_column vc_column_container vc_col-sm-12\"><div class=\"vc_column-inner\"><div class=\"wpb_wrapper\">\r\n\t<div class=\"wpb_raw_code wpb_content_element wpb_raw_html\" >\r\n\t\t<div class=\"wpb_wrapper\">\r\n\t\t\t<video controls=\"\" style=\"width:100%;    height: 100%;\" class=\"video-sav\">\n  <source src=\"http:\/\/kurubis.com\/wp-content\/uploads\/2024\/11\/Wineshot-Event-Kurubis.mp4\" type=\"video\/mp4\">  \n<\/video>\r\n\t\t<\/div>\r\n\t<\/div>\r\n<\/div><\/div><\/div><\/div><\/div><\/div><\/div><\/div><\/div>\n<\/section>","protected":false},"excerpt":{"rendered":"VINIFICATION &amp; \u00c9LEVAGE RESPECT ET EXPRESSION DU TERROIR La qualit\u00e9 du vin r\u00e9side majoritairement dans la qualit\u00e9 du raisin. En collaboration avec nos viticulteurs partenaires, Kurubis veille \u00e0 la parfaite [...]","protected":false},"author":1,"featured_media":0,"parent":0,"menu_order":0,"comment_status":"closed","ping_status":"closed","template":"page-full-width.php","meta":{"footnotes":""},"class_list":["post-5464","page","type-page","status-publish","hentry"],"_links":{"self":[{"href":"https:\/\/kurubis.com\/en\/wp-json\/wp\/v2\/pages\/5464","targetHints":{"allow":["GET"]}}],"collection":[{"href":"https:\/\/kurubis.com\/en\/wp-json\/wp\/v2\/pages"}],"about":[{"href":"https:\/\/kurubis.com\/en\/wp-json\/wp\/v2\/types\/page"}],"author":[{"embeddable":true,"href":"https:\/\/kurubis.com\/en\/wp-json\/wp\/v2\/users\/1"}],"replies":[{"embeddable":true,"href":"https:\/\/kurubis.com\/en\/wp-json\/wp\/v2\/comments?post=5464"}],"version-history":[{"count":41,"href":"https:\/\/kurubis.com\/en\/wp-json\/wp\/v2\/pages\/5464\/revisions"}],"predecessor-version":[{"id":6938,"href":"https:\/\/kurubis.com\/en\/wp-json\/wp\/v2\/pages\/5464\/revisions\/6938"}],"wp:attachment":[{"href":"https:\/\/kurubis.com\/en\/wp-json\/wp\/v2\/media?parent=5464"}],"curies":[{"name":"wp","href":"https:\/\/api.w.org\/{rel}","templated":true}]}}