{"id":5630,"date":"2024-08-31T12:27:51","date_gmt":"2024-08-31T12:27:51","guid":{"rendered":"https:\/\/kurubis.com\/?page_id=5630"},"modified":"2024-11-07T19:31:27","modified_gmt":"2024-11-07T19:31:27","slug":"nos-cocktails","status":"publish","type":"page","link":"https:\/\/kurubis.com\/en\/nos-cocktails\/","title":{"rendered":"Nos cocktails"},"content":{"rendered":"<section class=\"wpb-content-wrapper\"><div class=\"vc_row wpb_row vc_row-fluid\"><div class=\"wpb_column vc_column_container vc_col-sm-12\"><div class=\"vc_column-inner\"><div class=\"wpb_wrapper\"><div class=\"qodef-shortcode qodef-m  qodef-section-title qodef-alignment--center\">\r\n\t\t<h3 class=\"qodef-m-title\" >\r\n\t\t\t<a itemprop=\"url\" href=\"https:\/\/kurubis.com\/index.php\/cocktail-1\/\" target=\"_self\">\r\n\t\tCocktail 1\t\t\t<\/a>\r\n\t\t<\/h3>\r\n\t\t<p class=\"qodef-m-subtitle\" >KISS Litchi Splash<\/p>\r\n\t<\/div><div class=\"vc_empty_space\"   style=\"height: 32px\"><span class=\"vc_empty_space_inner\"><\/span><\/div><\/div><\/div><\/div><\/div><div class=\"vc_row wpb_row vc_row-fluid\"><div class=\"wpb_column vc_column_container vc_col-sm-6\"><div class=\"vc_column-inner\"><div class=\"wpb_wrapper\">\r\n\t<div class=\"wpb_raw_code wpb_content_element wpb_raw_html\" >\r\n\t\t<div class=\"wpb_wrapper\">\r\n\t\t\t<video controls style=\"width:100%;    height: 435px;\">\n  <source src=\"http:\/\/kurubis.ovh\/wp-content\/uploads\/2024\/08\/Video-2-Kurubis.mp4\" type=\"video\/mp4\" \/>  \n<\/video>\n\r\n\t\t<\/div>\r\n\t<\/div>\r\n<\/div><\/div><\/div><div class=\"wpb_column vc_column_container vc_col-sm-6\"><div class=\"vc_column-inner\"><div class=\"wpb_wrapper\"><div class=\"vc_empty_space\"   style=\"height: 32px\"><span class=\"vc_empty_space_inner\"><\/span><\/div>\r\n\t<div class=\"wpb_text_column wpb_content_element\" >\r\n\t\t<div class=\"wpb_wrapper\">\r\n\t\t\t<p><span style=\"font-weight: 400;\">D\u00e9couvrez l\u2019originalit\u00e9 du cocktail exclusif cr\u00e9\u00e9 par Fares Amri, mettant en avant notre vin Kiss Blanc. Une fusion parfaite de saveurs pour une exp\u00e9rience gustative inoubliable. Voici les ingr\u00e9dients pour le r\u00e9aliser chez vous :<\/span><\/p>\n<ul>\n<li><span style=\"font-weight: 400;\">1 blanc d\u2019\u0153uf<\/span><\/li>\n<li><span style=\"font-weight: 400;\">1.5 cl de pur\u00e9e de litchi<\/span><\/li>\n<li><span style=\"font-weight: 400;\">75 ml de Kiss Blanc<\/span><\/li>\n<\/ul>\n\r\n\t\t<\/div>\r\n\t<\/div>\r\n<div class=\"vc_empty_space\"   style=\"height: 32px\"><span class=\"vc_empty_space_inner\"><\/span><\/div>\r\n\t<div class=\"wpb_raw_code wpb_content_element wpb_raw_html\" >\r\n\t\t<div class=\"wpb_wrapper\">\r\n\t\t\t<a href=\"https:\/\/www.instagram.com\/p\/C9VLUaEoD-1\/\"><img decoding=\"async\" src=\"http:\/\/kurubis.ovh\/wp-content\/uploads\/2024\/08\/instagram.png\"> <\/a>\r\n\t\t<\/div>\r\n\t<\/div>\r\n<div class=\"vc_empty_space\"   style=\"height: 32px\"><span class=\"vc_empty_space_inner\"><\/span><\/div><\/div><\/div><\/div><\/div><div class=\"vc_row wpb_row vc_row-fluid\"><div class=\"wpb_column vc_column_container vc_col-sm-12\"><div class=\"vc_column-inner\"><div class=\"wpb_wrapper\"><div class=\"vc_empty_space\"   style=\"height: 32px\"><span class=\"vc_empty_space_inner\"><\/span><\/div><div class=\"vc_empty_space\"   style=\"height: 32px\"><span class=\"vc_empty_space_inner\"><\/span><\/div><\/div><\/div><\/div><\/div><div class=\"vc_row wpb_row vc_row-fluid\"><div class=\"wpb_column vc_column_container vc_col-sm-12\"><div class=\"vc_column-inner\"><div class=\"wpb_wrapper\"><div class=\"qodef-shortcode qodef-m  qodef-section-title qodef-alignment--center\">\r\n\t\t<h3 class=\"qodef-m-title\" >\r\n\t\t\t<a itemprop=\"url\" href=\"https:\/\/kurubis.com\/index.php\/cocktail-1\/\" target=\"_self\">\r\n\t\tCocktail 2\t\t\t<\/a>\r\n\t\t<\/h3>\r\n\t\t<p class=\"qodef-m-subtitle\" >KISS GreenGinger Twist<\/p>\r\n\t<\/div><div class=\"vc_empty_space\"   style=\"height: 32px\"><span class=\"vc_empty_space_inner\"><\/span><\/div><\/div><\/div><\/div><\/div><div class=\"vc_row wpb_row vc_row-fluid\"><div class=\"wpb_column vc_column_container vc_col-sm-6\"><div class=\"vc_column-inner\"><div class=\"wpb_wrapper\">\r\n\t<div class=\"wpb_raw_code wpb_content_element wpb_raw_html\" >\r\n\t\t<div class=\"wpb_wrapper\">\r\n\t\t\t<video controls=\"\" style=\"width:100%;    height: 435px;\">\n  <source src=\"http:\/\/kurubis.ovh\/wp-content\/uploads\/2024\/08\/Video-3-Kurubis.mp4\" type=\"video\/mp4\">  \n<\/video>\n\r\n\t\t<\/div>\r\n\t<\/div>\r\n<\/div><\/div><\/div><div class=\"wpb_column vc_column_container vc_col-sm-6\"><div class=\"vc_column-inner\"><div class=\"wpb_wrapper\"><div class=\"vc_empty_space\"   style=\"height: 32px\"><span class=\"vc_empty_space_inner\"><\/span><\/div>\r\n\t<div class=\"wpb_text_column wpb_content_element\" >\r\n\t\t<div class=\"wpb_wrapper\">\r\n\t\t\t<p><span style=\"font-weight: 400;\">D\u00e9couvrez le KISS GreenGinger Twist, une cr\u00e9ation rafra\u00eechissante par Fares Amri , avec le vin KISS Blanc by Kurubis.<\/span><\/p>\n<ul>\n<li><span style=\"font-weight: 400;\">Ingr\u00e9dients : <\/span><span style=\"font-weight: 400;\">KISS Blanc, sirop de gingembre, concombre, pomme verte, basilic frais.<\/span><\/li>\n<li><span style=\"font-weight: 400;\">Verre : Verre Long Drink<\/span><\/li>\n<li><span style=\"font-weight: 400;\">M\u00e9thode : M\u00e9langez KISS Blanc avec le sirop de gingembre et des morceaux de concombre dans un shaker rempli de glace. Garnissez de basilic frais.<\/span><\/li>\n<\/ul>\n\r\n\t\t<\/div>\r\n\t<\/div>\r\n<div class=\"vc_empty_space\"   style=\"height: 32px\"><span class=\"vc_empty_space_inner\"><\/span><\/div>\r\n\t<div class=\"wpb_raw_code wpb_content_element wpb_raw_html\" >\r\n\t\t<div class=\"wpb_wrapper\">\r\n\t\t\t<a href=\"https:\/\/www.instagram.com\/p\/C9aZ4VooePu\/\"><img decoding=\"async\" src=\"http:\/\/kurubis.ovh\/wp-content\/uploads\/2024\/08\/instagram.png\"><\/a>\r\n\t\t<\/div>\r\n\t<\/div>\r\n<div class=\"vc_empty_space\"   style=\"height: 32px\"><span class=\"vc_empty_space_inner\"><\/span><\/div><\/div><\/div><\/div><\/div><div class=\"vc_row wpb_row vc_row-fluid\"><div class=\"wpb_column vc_column_container vc_col-sm-12\"><div class=\"vc_column-inner\"><div class=\"wpb_wrapper\"><div class=\"vc_empty_space\"   style=\"height: 32px\"><span class=\"vc_empty_space_inner\"><\/span><\/div><div class=\"vc_empty_space\"   style=\"height: 32px\"><span class=\"vc_empty_space_inner\"><\/span><\/div><\/div><\/div><\/div><\/div><div class=\"vc_row wpb_row vc_row-fluid\"><div class=\"wpb_column vc_column_container vc_col-sm-12\"><div class=\"vc_column-inner\"><div class=\"wpb_wrapper\"><div class=\"vc_empty_space\"   style=\"height: 32px\"><span class=\"vc_empty_space_inner\"><\/span><\/div><\/div><\/div><\/div><\/div>\n<\/section>","protected":false},"excerpt":{"rendered":"Cocktail 1 KISS Litchi Splash D\u00e9couvrez l\u2019originalit\u00e9 du cocktail exclusif cr\u00e9\u00e9 par Fares Amri, mettant en avant notre vin Kiss Blanc. Une fusion parfaite de saveurs pour une exp\u00e9rience gustative [...]","protected":false},"author":1,"featured_media":0,"parent":0,"menu_order":0,"comment_status":"closed","ping_status":"closed","template":"","meta":{"footnotes":""},"class_list":["post-5630","page","type-page","status-publish","hentry"],"_links":{"self":[{"href":"https:\/\/kurubis.com\/en\/wp-json\/wp\/v2\/pages\/5630","targetHints":{"allow":["GET"]}}],"collection":[{"href":"https:\/\/kurubis.com\/en\/wp-json\/wp\/v2\/pages"}],"about":[{"href":"https:\/\/kurubis.com\/en\/wp-json\/wp\/v2\/types\/page"}],"author":[{"embeddable":true,"href":"https:\/\/kurubis.com\/en\/wp-json\/wp\/v2\/users\/1"}],"replies":[{"embeddable":true,"href":"https:\/\/kurubis.com\/en\/wp-json\/wp\/v2\/comments?post=5630"}],"version-history":[{"count":16,"href":"https:\/\/kurubis.com\/en\/wp-json\/wp\/v2\/pages\/5630\/revisions"}],"predecessor-version":[{"id":6638,"href":"https:\/\/kurubis.com\/en\/wp-json\/wp\/v2\/pages\/5630\/revisions\/6638"}],"wp:attachment":[{"href":"https:\/\/kurubis.com\/en\/wp-json\/wp\/v2\/media?parent=5630"}],"curies":[{"name":"wp","href":"https:\/\/api.w.org\/{rel}","templated":true}]}}