{"id":5776,"date":"2024-09-26T21:22:13","date_gmt":"2024-09-26T21:22:13","guid":{"rendered":"https:\/\/kurubis.com\/?page_id=5776"},"modified":"2024-11-07T19:01:54","modified_gmt":"2024-11-07T19:01:54","slug":"naissance-du-kurubis-2","status":"publish","type":"page","link":"https:\/\/kurubis.com\/en\/naissance-du-kurubis-2\/","title":{"rendered":"Birth of Kurubis"},"content":{"rendered":"<section class=\"wpb-content-wrapper\"><div class=\"vc_row wpb_row vc_row-fluid\"><div class=\"wpb_column vc_column_container vc_col-sm-12\"><div class=\"vc_column-inner\"><div class=\"wpb_wrapper\"><div class=\"vc_empty_space\"   style=\"height: 32px\"><span class=\"vc_empty_space_inner\"><\/span><\/div><div class=\"vc_empty_space\"   style=\"height: 32px\"><span class=\"vc_empty_space_inner\"><\/span><\/div><div class=\"qodef-shortcode qodef-m  qodef-section-title qodef-alignment--center\">\r\n\t\t<h2 class=\"qodef-m-title\" >\r\n\t\tBirth of Kurubis\t\t<\/h2>\r\n\t\t<\/div><\/div><\/div><\/div><\/div><div id=\"harvest\" class=\"vc_row wpb_row vc_row-fluid qodef-custom-row-harvest\"><div class=\"wpb_column vc_column_container vc_col-sm-12\"><div class=\"vc_column-inner vc_custom_1569236298175\"><div class=\"wpb_wrapper\"><div class=\"vc_row wpb_row vc_inner vc_row-fluid our-store-background vc_custom_1727389519419 vc_row-has-fill qodef-content-alignment-center\"><div class=\"wpb_column vc_column_container vc_col-sm-1\/5\"><div class=\"vc_column-inner\"><div class=\"wpb_wrapper\"><\/div><\/div><\/div><div class=\"wpb_column vc_column_container vc_col-sm-3\/5\"><div class=\"vc_column-inner vc_custom_1569331440941\"><div class=\"wpb_wrapper\"><div class=\"qodef-shortcode qodef-m  qodef-section-title qodef-alignment--center\">\r\n\t\t\t<p class=\"qodef-m-subtitle\" >Creation and Ethics of KURUBIS<\/p>\r\n\t<\/div>\r\n\t<div class=\"wpb_text_column wpb_content_element\" >\r\n\t\t<div class=\"wpb_wrapper\">\r\n\t\t\t<p style=\"text-align: justify; color: #000;\">Kurubis was born from a passion. Its story began in 2004 following the chance meeting of\u00a0<b>Rached LAGHA<\/b>, a landowner in Korba who wanted to better showcase his viticultural heritage, and\u00a0<b>Didier CORNILLON<\/b>, a French oenologist in constant pursuit of the best wine terroirs around the world. From the very beginning, the potential proved to be enormous, matched only by the ambition of its founders. Kurubis then chose to produce only wines of exceptional quality, modern, creative, and innovative. Wines that offer nothing but the best of the terroir. In 2005, the first iconic cuv\u00e9es were produced:\u00a0<a style=\"color: #d9ab4b;\" href=\"https:\/\/kurubis.com\/index.php\/produit\/kurubis-rouge\/\">Kurubis red and white<\/a>\u00a0powerful and structured, <a style=\"color: #d9ab4b;\" href=\"https:\/\/kurubis.com\/index.php\/produit\/soltane-by-kurubis\/\">Soltane in red, white, and ros\u00e9<\/a>, delicate and elegant, and<a style=\"color: #d9ab4b;\" href=\"https:\/\/kurubis.com\/index.php\/produit\/k-by-kurubis\/\">\u00a0\u00ab\u00a0K\u00a0\u00bb<\/a>, sparkling wine and the first traditional method in Tunisia<\/p>\n\r\n\t\t<\/div>\r\n\t<\/div>\r\n<\/div><\/div><\/div><div class=\"wpb_column vc_column_container vc_col-sm-1\/5\"><div class=\"vc_column-inner\"><div class=\"wpb_wrapper\"><\/div><\/div><\/div><\/div><div class=\"vc_row wpb_row vc_inner vc_row-fluid our-store-background vc_custom_1727389519419 vc_row-has-fill qodef-content-alignment-center\"><div class=\"wpb_column vc_column_container vc_col-sm-1\/5\"><div class=\"vc_column-inner\"><div class=\"wpb_wrapper\"><\/div><\/div><\/div><div class=\"wpb_column vc_column_container vc_col-sm-3\/5\"><div class=\"vc_column-inner vc_custom_1569331440941\"><div class=\"wpb_wrapper\"><div class=\"qodef-shortcode qodef-m  qodef-section-title qodef-alignment--center\">\r\n\t\t\t<p class=\"qodef-m-subtitle\" >Creativity and Progressivism<\/p>\r\n\t<\/div>\r\n\t<div class=\"wpb_text_column wpb_content_element\" >\r\n\t\t<div class=\"wpb_wrapper\">\r\n\t\t\t<p style=\"text-align: justify; color: #000;\">Over the years, the range has developed and become increasingly bold. Unique cuv\u00e9es have been born:\u00a0<a style=\"color: #d9ab4b;\" href=\"https:\/\/kurubis.com\/index.php\/produit\/kaprice-by-kurubis\/\">Kaprice<\/a>, the quintessence of Syrah in a great red cuv\u00e9e, <a style=\"color: #d9ab4b;\" href=\"https:\/\/kurubis.com\/index.php\/produit\/kiss-by-kurubis\/\">KISS in sparkling white and ros\u00e9<\/a>\u00a0whose delightful freshness delights all palates and <a style=\"color: #d9ab4b;\" href=\"https:\/\/kurubis.com\/index.php\/produit\/crazy-by-kurubis\/\">CRAZY<\/a>, a Syrah ros\u00e9 of extreme delicacy and power<\/p>\n\r\n\t\t<\/div>\r\n\t<\/div>\r\n<\/div><\/div><\/div><div class=\"wpb_column vc_column_container vc_col-sm-1\/5\"><div class=\"vc_column-inner\"><div class=\"wpb_wrapper\"><\/div><\/div><\/div><\/div><div class=\"vc_row wpb_row vc_inner vc_row-fluid our-store-background vc_custom_1727389519419 vc_row-has-fill qodef-content-alignment-center\"><div class=\"wpb_column vc_column_container vc_col-sm-1\/5\"><div class=\"vc_column-inner\"><div class=\"wpb_wrapper\"><\/div><\/div><\/div><div class=\"wpb_column vc_column_container vc_col-sm-3\/5\"><div class=\"vc_column-inner vc_custom_1569331440941\"><div class=\"wpb_wrapper\"><div class=\"qodef-shortcode qodef-m  qodef-section-title qodef-alignment--center\">\r\n\t\t\t<p class=\"qodef-m-subtitle\" >Innovation and Continuous Improvement<\/p>\r\n\t<\/div>\r\n\t<div class=\"wpb_text_column wpb_content_element\" >\r\n\t\t<div class=\"wpb_wrapper\">\r\n\t\t\t<p style=\"text-align: justify; color: #000;\">In 2021,\u00a0<b>Jalel SOUISSI<\/b>In 2021, he joins the Kurubis adventure. A fresh impetus and development follow with him. Drawing from his vast experience in the business world, he brings a new dynamic to the company, aiming to make Kurubis an even more leading brand in terms of quality, both locally and internationally. Significant expansion and modernization work are then undertaken, with new cellars, new equipment, and new commercial ambitions\u2026 all resources are made available to enable Kurubis' development, with no compromise on quality. The range is then further enriched.\u00a0<a style=\"color: #d9ab4b;\" href=\"https:\/\/kurubis.com\/index.php\/boutique\/\">Nature<\/a>The first wine without added sulfites was created in 2022, followed by Wine Shot, highly qualitative cuv\u00e9es in limited editions, in 2023. Kurubis' mission has been and will always be innovation for the pleasure of its customers.<\/p>\n\r\n\t\t<\/div>\r\n\t<\/div>\r\n<\/div><\/div><\/div><div class=\"wpb_column vc_column_container vc_col-sm-1\/5\"><div class=\"vc_column-inner\"><div class=\"wpb_wrapper\"><\/div><\/div><\/div><\/div><\/div><\/div><\/div><\/div><div class=\"vc_row wpb_row vc_row-fluid\"><div class=\"wpb_column vc_column_container vc_col-sm-12\"><div class=\"vc_column-inner\"><div class=\"wpb_wrapper\"><div class=\"vc_empty_space\"   style=\"height: 32px\"><span class=\"vc_empty_space_inner\"><\/span><\/div><\/div><\/div><\/div><\/div>\n<\/section>","protected":false},"excerpt":{"rendered":"Naissance de Kurubis Cr\u00e9ation et \u00e9thique de KURUBIS Kurubis est n\u00e9e d\u2019une passion. Son histoire a commenc\u00e9 en 2004 suite \u00e0 la rencontre fortuite de\u00a0Rached LAGHA, propri\u00e9taire terrien \u00e0 Korba [...]","protected":false},"author":1,"featured_media":0,"parent":0,"menu_order":0,"comment_status":"closed","ping_status":"closed","template":"page-full-width.php","meta":{"footnotes":""},"class_list":["post-5776","page","type-page","status-publish","hentry"],"_links":{"self":[{"href":"https:\/\/kurubis.com\/en\/wp-json\/wp\/v2\/pages\/5776","targetHints":{"allow":["GET"]}}],"collection":[{"href":"https:\/\/kurubis.com\/en\/wp-json\/wp\/v2\/pages"}],"about":[{"href":"https:\/\/kurubis.com\/en\/wp-json\/wp\/v2\/types\/page"}],"author":[{"embeddable":true,"href":"https:\/\/kurubis.com\/en\/wp-json\/wp\/v2\/users\/1"}],"replies":[{"embeddable":true,"href":"https:\/\/kurubis.com\/en\/wp-json\/wp\/v2\/comments?post=5776"}],"version-history":[{"count":22,"href":"https:\/\/kurubis.com\/en\/wp-json\/wp\/v2\/pages\/5776\/revisions"}],"predecessor-version":[{"id":6625,"href":"https:\/\/kurubis.com\/en\/wp-json\/wp\/v2\/pages\/5776\/revisions\/6625"}],"wp:attachment":[{"href":"https:\/\/kurubis.com\/en\/wp-json\/wp\/v2\/media?parent=5776"}],"curies":[{"name":"wp","href":"https:\/\/api.w.org\/{rel}","templated":true}]}}