{"id":6571,"date":"2024-11-05T13:23:32","date_gmt":"2024-11-05T13:23:32","guid":{"rendered":"https:\/\/kurubis.com\/?page_id=6571"},"modified":"2024-11-21T19:47:35","modified_gmt":"2024-11-21T19:47:35","slug":"nos-recettes","status":"publish","type":"page","link":"https:\/\/kurubis.com\/en\/nos-recettes\/","title":{"rendered":"Nos recettes"},"content":{"rendered":"<section class=\"wpb-content-wrapper\"><div class=\"vc_row wpb_row vc_row-fluid\"><div class=\"wpb_column vc_column_container vc_col-sm-12\"><div class=\"vc_column-inner\"><div class=\"wpb_wrapper\"><div class=\"qodef-shortcode qodef-m  qodef-section-title qodef-alignment--center\">\r\n\t\t<h3 class=\"qodef-m-title\" >\r\n\t\t\t<a itemprop=\"url\" href=\"https:\/\/kurubis.com\/index.php\/cocktail-1\/\" target=\"_self\">\r\n\t\tRecette 1\t\t\t<\/a>\r\n\t\t<\/h3>\r\n\t\t<p class=\"qodef-m-subtitle\" >Charmoula revisit\u00e9 x Wine Shot Rouge<\/p>\r\n\t<\/div><div class=\"vc_empty_space\"   style=\"height: 32px\"><span class=\"vc_empty_space_inner\"><\/span><\/div><\/div><\/div><\/div><\/div><div class=\"vc_row wpb_row vc_row-fluid\"><div class=\"wpb_column vc_column_container vc_col-sm-6\"><div class=\"vc_column-inner\"><div class=\"wpb_wrapper\">\r\n\t<div class=\"wpb_raw_code wpb_content_element wpb_raw_html\" >\r\n\t\t<div class=\"wpb_wrapper\">\r\n\t\t\t<video controls style=\"width:100%;    height: 435px;\">\n  <source src=\"http:\/\/kurubis.ovh\/wp-content\/uploads\/2024\/11\/Recette-Charmoula-Kurubis-La-Demeur-1.mp4\" type=\"video\/mp4\" \/>  \n<\/video>\n\r\n\t\t<\/div>\r\n\t<\/div>\r\n<\/div><\/div><\/div><div class=\"wpb_column vc_column_container vc_col-sm-6\"><div class=\"vc_column-inner\"><div class=\"wpb_wrapper\"><div class=\"vc_empty_space\"   style=\"height: 32px\"><span class=\"vc_empty_space_inner\"><\/span><\/div>\r\n\t<div class=\"wpb_text_column wpb_content_element\" >\r\n\t\t<div class=\"wpb_wrapper\">\r\n\t\t\t<p style=\"font-weight: 400; text-align: justify;color:#000;\">Aujourd\u2019hui, on revisite la d\u00e9licieuse charmoula avec une touche d\u2019originalit\u00e9, accompagn\u00e9e d\u2019un Wine shot rouge ! Et tout cela, dans le cadre exceptionnel de La Demeure de Sidi Bou Sa\u00efd. Parfait pour un ap\u00e9ro convivial et gourmand. D\u00e9couvrez comment marier vos bouch\u00e9es avec le vin id\u00e9al pour sublimer vos moments de partage. Sant\u00e9 !<\/p>\n\r\n\t\t<\/div>\r\n\t<\/div>\r\n<div class=\"vc_empty_space\"   style=\"height: 32px\"><span class=\"vc_empty_space_inner\"><\/span><\/div><div class=\"vc_empty_space\"   style=\"height: 32px\"><span class=\"vc_empty_space_inner\"><\/span><\/div><\/div><\/div><\/div><\/div><div class=\"vc_row wpb_row vc_row-fluid\"><div class=\"wpb_column vc_column_container vc_col-sm-12\"><div class=\"vc_column-inner\"><div class=\"wpb_wrapper\"><div class=\"vc_empty_space\"   style=\"height: 32px\"><span class=\"vc_empty_space_inner\"><\/span><\/div><div class=\"vc_empty_space\"   style=\"height: 32px\"><span class=\"vc_empty_space_inner\"><\/span><\/div><\/div><\/div><\/div><\/div><div class=\"vc_row wpb_row vc_row-fluid\"><div class=\"wpb_column vc_column_container vc_col-sm-12\"><div class=\"vc_column-inner\"><div class=\"wpb_wrapper\"><div class=\"qodef-shortcode qodef-m  qodef-section-title qodef-alignment--center\">\r\n\t\t<h3 class=\"qodef-m-title\" >\r\n\t\t\t<a itemprop=\"url\" href=\"https:\/\/kurubis.com\/index.php\/cocktail-1\/\" target=\"_self\">\r\n\t\tRecette 2\t\t\t<\/a>\r\n\t\t<\/h3>\r\n\t\t<p class=\"qodef-m-subtitle\" >Entremet x Wine Shot Blanc<\/p>\r\n\t<\/div><div class=\"vc_empty_space\"   style=\"height: 32px\"><span class=\"vc_empty_space_inner\"><\/span><\/div><\/div><\/div><\/div><\/div><div class=\"vc_row wpb_row vc_row-fluid\"><div class=\"wpb_column vc_column_container vc_col-sm-6\"><div class=\"vc_column-inner\"><div class=\"wpb_wrapper\">\r\n\t<div class=\"wpb_raw_code wpb_content_element wpb_raw_html\" >\r\n\t\t<div class=\"wpb_wrapper\">\r\n\t\t\t<video controls=\"\" style=\"width:100%;    height: 435px;\">\n  <source src=\"http:\/\/kurubis.ovh\/wp-content\/uploads\/2024\/11\/Kurubis-White-Aziz-.mp4\" type=\"video\/mp4\">  \n<\/video>\n\r\n\t\t<\/div>\r\n\t<\/div>\r\n<\/div><\/div><\/div><div class=\"wpb_column vc_column_container vc_col-sm-6\"><div class=\"vc_column-inner\"><div class=\"wpb_wrapper\"><div class=\"vc_empty_space\"   style=\"height: 32px\"><span class=\"vc_empty_space_inner\"><\/span><\/div>\r\n\t<div class=\"wpb_text_column wpb_content_element\" >\r\n\t\t<div class=\"wpb_wrapper\">\r\n\t\t\t<p style=\"font-weight: 400;text-align:justify;color:#000;\">Un Wine Shot blanc pour sublimer ce dessert d\u2019exception pr\u00e9par\u00e9 par chef Aziz Ben Farhat : mousse vanille, confit de figues, framboises acidul\u00e9es, croustillant de noix et moelleux d\u2019amande miel. La fra\u00eecheur et l\u2019\u00e9l\u00e9gance du vin blanc s\u2019accordent parfaitement avec ces saveurs d\u00e9licates. Une exp\u00e9rience gourmande inoubliable.<\/p>\n\r\n\t\t<\/div>\r\n\t<\/div>\r\n<div class=\"vc_empty_space\"   style=\"height: 32px\"><span class=\"vc_empty_space_inner\"><\/span><\/div><div class=\"vc_empty_space\"   style=\"height: 32px\"><span class=\"vc_empty_space_inner\"><\/span><\/div><\/div><\/div><\/div><\/div><div class=\"vc_row wpb_row vc_row-fluid\"><div class=\"wpb_column vc_column_container vc_col-sm-12\"><div class=\"vc_column-inner\"><div class=\"wpb_wrapper\"><div class=\"vc_empty_space\"   style=\"height: 32px\"><span class=\"vc_empty_space_inner\"><\/span><\/div><div class=\"vc_empty_space\"   style=\"height: 32px\"><span class=\"vc_empty_space_inner\"><\/span><\/div><\/div><\/div><\/div><\/div><div class=\"vc_row wpb_row vc_row-fluid\"><div class=\"wpb_column vc_column_container vc_col-sm-12\"><div class=\"vc_column-inner\"><div class=\"wpb_wrapper\"><div class=\"vc_empty_space\"   style=\"height: 32px\"><span class=\"vc_empty_space_inner\"><\/span><\/div><\/div><\/div><\/div><\/div>\n<\/section>","protected":false},"excerpt":{"rendered":"Recette 1 Charmoula revisit\u00e9 x Wine Shot Rouge Aujourd\u2019hui, on revisite la d\u00e9licieuse charmoula avec une touche d\u2019originalit\u00e9, accompagn\u00e9e d\u2019un Wine shot rouge ! Et tout cela, dans le cadre [...]","protected":false},"author":1,"featured_media":0,"parent":0,"menu_order":0,"comment_status":"closed","ping_status":"closed","template":"","meta":{"footnotes":""},"class_list":["post-6571","page","type-page","status-publish","hentry"],"_links":{"self":[{"href":"https:\/\/kurubis.com\/en\/wp-json\/wp\/v2\/pages\/6571","targetHints":{"allow":["GET"]}}],"collection":[{"href":"https:\/\/kurubis.com\/en\/wp-json\/wp\/v2\/pages"}],"about":[{"href":"https:\/\/kurubis.com\/en\/wp-json\/wp\/v2\/types\/page"}],"author":[{"embeddable":true,"href":"https:\/\/kurubis.com\/en\/wp-json\/wp\/v2\/users\/1"}],"replies":[{"embeddable":true,"href":"https:\/\/kurubis.com\/en\/wp-json\/wp\/v2\/comments?post=6571"}],"version-history":[{"count":6,"href":"https:\/\/kurubis.com\/en\/wp-json\/wp\/v2\/pages\/6571\/revisions"}],"predecessor-version":[{"id":6711,"href":"https:\/\/kurubis.com\/en\/wp-json\/wp\/v2\/pages\/6571\/revisions\/6711"}],"wp:attachment":[{"href":"https:\/\/kurubis.com\/en\/wp-json\/wp\/v2\/media?parent=6571"}],"curies":[{"name":"wp","href":"https:\/\/api.w.org\/{rel}","templated":true}]}}