{"id":816,"date":"2019-09-04T14:04:05","date_gmt":"2019-09-04T14:04:05","guid":{"rendered":"https:\/\/aperitif.qodeinteractive.com\/?page_id=816"},"modified":"2024-07-25T15:37:20","modified_gmt":"2024-07-25T15:37:20","slug":"about-us","status":"publish","type":"page","link":"https:\/\/kurubis.com\/en\/about-us\/","title":{"rendered":"OUR HISTORY"},"content":{"rendered":"<section class=\"wpb-content-wrapper\"><div class=\"vc_row wpb_row vc_row-fluid extra-z-index vc_custom_1721920124453 vc_row-has-fill\"><div class=\"wpb_column vc_column_container vc_col-sm-12\"><div class=\"vc_column-inner vc_custom_1567673434359\"><div class=\"wpb_wrapper\"><div class=\"qodef-content-grid\"><div class=\"vc_row wpb_row vc_inner vc_row-fluid vc_custom_1721920151188\"><div class=\"wpb_column vc_column_container vc_col-sm-12 vc_col-lg-6\"><div class=\"vc_column-inner vc_custom_1570451152921\"><div class=\"wpb_wrapper\"><div class=\"vc_empty_space\"   style=\"height: 32px\"><span class=\"vc_empty_space_inner\"><\/span><\/div><div class=\"qodef-shortcode qodef-m  qodef-section-title qodef-alignment--left\">\r\n\t\t<h4 class=\"qodef-m-title\" >\r\n\t\tCreation and Ethics of KURUBIS\t\t<\/h4>\r\n\t\t<\/div>\r\n\t<div class=\"wpb_text_column wpb_content_element  vc_custom_1721918619436\" >\r\n\t\t<div class=\"wpb_wrapper\">\r\n\t\t\t<p>Kurubis est n\u00e9 d\u2019une passion. Son histoire a commenc\u00e9 en 2004 suite \u00e0 la rencontre fortuite de\u00a0<b>Rached LAGHA<\/b>, a landowner in Korba who wanted to better showcase his viticultural heritage, and\u00a0<b>Didier CORNILLON<\/b>, a French oenologist in constant pursuit of the best wine terroirs around the world. From the very beginning, the potential proved to be enormous, matched only by the ambition of its founders. Kurubis then chose to produce only wines of exceptional quality, modern, creative, and innovative. Wines that offer nothing but the best of the terroir. In 2005, the first iconic cuv\u00e9es were produced:\u00a0<a style=\"color: #d9ab4b;\" href=\"https:\/\/kurubis.com\/index.php\/produit\/kurubis-rouge\/\">Kurubis red and white<\/a>\u00a0powerful and structured, <a style=\"color: #d9ab4b;\" href=\"https:\/\/kurubis.com\/index.php\/produit\/soltane-by-kurubis\/\">Soltane in red, white, and ros\u00e9<\/a>, delicate and elegant, and\u00a0<a style=\"color: #d9ab4b;\" href=\"https:\/\/kurubis.com\/index.php\/produit\/k-by-kurubis\/\">\u00ab\u00a0K\u00a0\u00bb<\/a>,\u00a0vin mousseux et premi\u00e8re m\u00e9thode traditionnelle en Tunisie\u2026<\/p>\n\r\n\t\t<\/div>\r\n\t<\/div>\r\n<\/div><\/div><\/div><div class=\"wpb_column vc_column_container vc_col-sm-12 vc_col-lg-6\"><div class=\"vc_column-inner vc_custom_1570451172199\"><div class=\"wpb_wrapper\"><div class=\"qodef-shortcode qodef-m  qodef-image-with-text qodef-layout--text-over\">\r\n\t<div class=\"qodef-m-image\">\r\n\t\t\t\t<img loading=\"lazy\" decoding=\"async\" width=\"1122\" height=\"790\" src=\"https:\/\/kurubis.com\/wp-content\/uploads\/2024\/07\/kurubis.jpg\" class=\"attachment-full size-full\" alt=\"\" srcset=\"https:\/\/kurubis.com\/wp-content\/uploads\/2024\/07\/kurubis.jpg 1122w, https:\/\/kurubis.com\/wp-content\/uploads\/2024\/07\/kurubis-300x211.jpg 300w, https:\/\/kurubis.com\/wp-content\/uploads\/2024\/07\/kurubis-600x422.jpg 600w, https:\/\/kurubis.com\/wp-content\/uploads\/2024\/07\/kurubis-1024x721.jpg 1024w, https:\/\/kurubis.com\/wp-content\/uploads\/2024\/07\/kurubis-768x541.jpg 768w\" sizes=\"auto, (max-width: 1122px) 100vw, 1122px\" \/>\t\t\t<\/div>\t<div class=\"qodef-m-title-holder\">\r\n\t\t\t<\/div>\r\n\t<div class=\"qodef-m-content\">\r\n\t\t\t<\/div>\r\n<\/div><\/div><\/div><\/div><\/div><\/div><\/div><\/div><\/div><\/div><div class=\"vc_row wpb_row vc_row-fluid extra-z-index vc_custom_1570450046277 vc_row-has-fill\"><div class=\"wpb_column vc_column_container vc_col-sm-12\"><div class=\"vc_column-inner vc_custom_1567673434359\"><div class=\"wpb_wrapper\"><div class=\"qodef-content-grid\"><div class=\"vc_row wpb_row vc_inner vc_row-fluid vc_custom_1721920208429\"><div class=\"wpb_column vc_column_container vc_col-sm-12 vc_col-lg-6\"><div class=\"vc_column-inner vc_custom_1570451152921\"><div class=\"wpb_wrapper\"><div class=\"qodef-shortcode qodef-m  qodef-image-with-text qodef-layout--text-over\">\r\n\t<div class=\"qodef-m-image\">\r\n\t\t\t\t<img loading=\"lazy\" decoding=\"async\" width=\"850\" height=\"669\" src=\"https:\/\/kurubis.com\/wp-content\/uploads\/2024\/07\/kurubis-2.jpg\" class=\"attachment-full size-full\" alt=\"\" srcset=\"https:\/\/kurubis.com\/wp-content\/uploads\/2024\/07\/kurubis-2.jpg 850w, https:\/\/kurubis.com\/wp-content\/uploads\/2024\/07\/kurubis-2-300x236.jpg 300w, https:\/\/kurubis.com\/wp-content\/uploads\/2024\/07\/kurubis-2-600x472.jpg 600w, https:\/\/kurubis.com\/wp-content\/uploads\/2024\/07\/kurubis-2-768x604.jpg 768w\" sizes=\"auto, (max-width: 850px) 100vw, 850px\" \/>\t\t\t<\/div>\t<div class=\"qodef-m-title-holder\">\r\n\t\t\t<\/div>\r\n\t<div class=\"qodef-m-content\">\r\n\t\t\t<\/div>\r\n<\/div><\/div><\/div><\/div><div class=\"wpb_column vc_column_container vc_col-sm-12 vc_col-lg-6\"><div class=\"vc_column-inner vc_custom_1570451172199\"><div class=\"wpb_wrapper\"><div class=\"vc_empty_space\"   style=\"height: 32px\"><span class=\"vc_empty_space_inner\"><\/span><\/div><div class=\"qodef-shortcode qodef-m  qodef-section-title qodef-alignment--left\">\r\n\t\t<h4 class=\"qodef-m-title\" >\r\n\t\tCreativity and Progressivism\t\t<\/h4>\r\n\t\t<\/div>\r\n\t<div class=\"wpb_text_column wpb_content_element  vc_custom_1721918553102\" >\r\n\t\t<div class=\"wpb_wrapper\">\r\n\t\t\t<p style=\"font-weight: 400;\">Over the years, the range has developed and become increasingly bold. Unique cuv\u00e9es have been born:\u00a0<a style=\"color: #d9ab4b;\" href=\"https:\/\/kurubis.com\/index.php\/produit\/kaprice-by-kurubis\/\"> Kaprice<\/a>, the quintessence of Syrah in a great red cuv\u00e9e, <a style=\"color: #d9ab4b;\" href=\"https:\/\/kurubis.com\/index.php\/produit\/kiss-by-kurubis\/\">KISS in sparkling white and ros\u00e9<\/a>\u00a0whose delightful freshness delights all palates and <a style=\"color: #d9ab4b;\" href=\"https:\/\/kurubis.com\/index.php\/produit\/crazy-by-kurubis\/\">CRAZY<\/a>,\u00a0un ros\u00e9 de syrah d\u2019une d\u00e9licatesse et puissance extr\u00eames\u2026<\/p>\n\r\n\t\t<\/div>\r\n\t<\/div>\r\n<\/div><\/div><\/div><\/div><\/div><\/div><\/div><\/div><\/div><div class=\"vc_row wpb_row vc_row-fluid extra-z-index vc_custom_1570450046277 vc_row-has-fill\"><div class=\"wpb_column vc_column_container vc_col-sm-12\"><div class=\"vc_column-inner vc_custom_1567673434359\"><div class=\"wpb_wrapper\"><div class=\"qodef-content-grid\"><div class=\"vc_row wpb_row vc_inner vc_row-fluid vc_custom_1721920240740\"><div class=\"wpb_column vc_column_container vc_col-sm-12 vc_col-lg-6\"><div class=\"vc_column-inner vc_custom_1570451152921\"><div class=\"wpb_wrapper\"><div class=\"vc_empty_space\"   style=\"height: 32px\"><span class=\"vc_empty_space_inner\"><\/span><\/div><div class=\"qodef-shortcode qodef-m  qodef-section-title qodef-alignment--left\">\r\n\t\t<h4 class=\"qodef-m-title\" >\r\n\t\tInnovation and Continuous Improvement\t\t<\/h4>\r\n\t\t<\/div>\r\n\t<div class=\"wpb_text_column wpb_content_element  vc_custom_1721921836277\" >\r\n\t\t<div class=\"wpb_wrapper\">\r\n\t\t\t<p style=\"font-weight: 400;\">In 2021,\u00a0<strong>Jalel SOUISSI<\/strong>In 2021, he joins the Kurubis adventure. A fresh impetus and development follow with him. Drawing from his vast experience in the business world, he brings a new dynamic to the company, aiming to make Kurubis an even more leading brand in terms of quality, both locally and internationally. Significant expansion and modernization work are then undertaken, with new cellars, new equipment, and new commercial ambitions\u2026 all resources are made available to enable Kurubis' development, with no compromise on quality. The range is then further enriched.\u00a0<a style=\"color: #d9ab4b;\" href=\"https:\/\/kurubis.com\/index.php\/boutique\/\">Nature<\/a>,\u00a0premier vin sans sulfites ajout\u00e9s voit le jour en 2022, puis\u00a0<a style=\"color: #d9ab4b;\" href=\"https:\/\/kurubis.com\/index.php\/boutique\/\">Wineshot<\/a>, des cuv\u00e9es hautement qualitatives en \u00e9dition uniques en 2023. La vocation de Kurubis a \u00e9t\u00e9 et sera toujours l\u2019innovation pour le plaisir de ses clients.<\/p>\n\r\n\t\t<\/div>\r\n\t<\/div>\r\n<\/div><\/div><\/div><div class=\"wpb_column vc_column_container vc_col-sm-12 vc_col-lg-6\"><div class=\"vc_column-inner vc_custom_1570451172199\"><div class=\"wpb_wrapper\"><div class=\"qodef-shortcode qodef-m  qodef-image-with-text qodef-layout--text-over\">\r\n\t<div class=\"qodef-m-image\">\r\n\t\t\t\t<img loading=\"lazy\" decoding=\"async\" width=\"862\" height=\"841\" src=\"https:\/\/kurubis.com\/wp-content\/uploads\/2024\/07\/kurubis-1.jpg\" class=\"attachment-full size-full\" alt=\"\" srcset=\"https:\/\/kurubis.com\/wp-content\/uploads\/2024\/07\/kurubis-1.jpg 862w, https:\/\/kurubis.com\/wp-content\/uploads\/2024\/07\/kurubis-1-300x293.jpg 300w, https:\/\/kurubis.com\/wp-content\/uploads\/2024\/07\/kurubis-1-600x585.jpg 600w, https:\/\/kurubis.com\/wp-content\/uploads\/2024\/07\/kurubis-1-768x749.jpg 768w\" sizes=\"auto, (max-width: 862px) 100vw, 862px\" \/>\t\t\t<\/div>\t<div class=\"qodef-m-title-holder\">\r\n\t\t\t<\/div>\r\n\t<div class=\"qodef-m-content\">\r\n\t\t\t<\/div>\r\n<\/div><\/div><\/div><\/div><\/div><\/div><\/div><\/div><\/div><\/div>\n<\/section>","protected":false},"excerpt":{"rendered":"Cr\u00e9ation et \u00e9thique de KURUBIS Kurubis est n\u00e9 d\u2019une passion. Son histoire a commenc\u00e9 en 2004 suite \u00e0 la rencontre fortuite de\u00a0Rached LAGHA, propri\u00e9taire terrien \u00e0 Korba souhaitant mieux mettre [...]","protected":false},"author":1,"featured_media":0,"parent":0,"menu_order":0,"comment_status":"closed","ping_status":"closed","template":"page-full-width.php","meta":{"footnotes":""},"class_list":["post-816","page","type-page","status-publish","hentry"],"_links":{"self":[{"href":"https:\/\/kurubis.com\/en\/wp-json\/wp\/v2\/pages\/816","targetHints":{"allow":["GET"]}}],"collection":[{"href":"https:\/\/kurubis.com\/en\/wp-json\/wp\/v2\/pages"}],"about":[{"href":"https:\/\/kurubis.com\/en\/wp-json\/wp\/v2\/types\/page"}],"author":[{"embeddable":true,"href":"https:\/\/kurubis.com\/en\/wp-json\/wp\/v2\/users\/1"}],"replies":[{"embeddable":true,"href":"https:\/\/kurubis.com\/en\/wp-json\/wp\/v2\/comments?post=816"}],"version-history":[{"count":8,"href":"https:\/\/kurubis.com\/en\/wp-json\/wp\/v2\/pages\/816\/revisions"}],"predecessor-version":[{"id":5454,"href":"https:\/\/kurubis.com\/en\/wp-json\/wp\/v2\/pages\/816\/revisions\/5454"}],"wp:attachment":[{"href":"https:\/\/kurubis.com\/en\/wp-json\/wp\/v2\/media?parent=816"}],"curies":[{"name":"wp","href":"https:\/\/api.w.org\/{rel}","templated":true}]}}